{"id":14,"date":"2020-04-27T16:11:45","date_gmt":"2020-04-27T14:11:45","guid":{"rendered":"http:\/\/libertyplanet.fr\/?page_id=14"},"modified":"2026-03-04T11:23:33","modified_gmt":"2026-03-04T10:23:33","slug":"fun-skatepark-liberty-planet-algolsheim","status":"publish","type":"page","link":"https:\/\/libertyplanet.fr\/de\/","title":{"rendered":"Liberty Planet"},"content":{"rendered":"<p><strong>Prochaines ouvertures :<\/strong><\/p>\n<ul>\n<li>Mercredi 04\/03\/26<\/li>\n<li>Mercredi 11\/03\/26<\/li>\n<li>Mercredi 18\/03\/26<\/li>\n<li>Samedi 21\/03\/26<\/li>\n<li>Mercredi 25\/03\/26<\/li>\n<\/ul>\n<p>(de 14:00 \u00e0 17:00)<\/p>\n\t<h2>\n\t\t\t\t\tCE QUE NOUS PROPOSONS\n\t\t\t\t<\/h2>\n\t\t\t\t<img loading=\"lazy\" decoding=\"async\" src=\"https:\/\/libertyplanet.fr\/wp-content\/uploads\/2025\/09\/Capture-decran-2025-09-08-a-16.13.43.png\" alt=\"Capture d'e\u0301cran 2025-09-08 a\u0300 16.13.43\" itemprop=\"image\" height=\"1866\" width=\"2608\" title=\"Capture d'e\u0301cran 2025-09-08 a\u0300 16.13.43\" onerror=\"this.style.display='none'\"  \/>\n\t<p><a href=\"https:\/\/www.instagram.com\/liberty_cafe_algolsheim\/\"><strong>AFFICHER PLUS<\/strong><\/a><\/p>\n\t\t\t\t<img loading=\"lazy\" decoding=\"async\" src=\"https:\/\/libertyplanet.fr\/wp-content\/uploads\/2023\/09\/Icon-Liberty-Planet2.png\" alt=\"Icon Liberty Planet2\" itemprop=\"image\" height=\"1000\" width=\"1400\" title=\"Icon Liberty Planet2\" onerror=\"this.style.display='none'\"  \/>\n\t<p><a href=\"https:\/\/libertyplanet.fr\/de\/fun-skatepark\/\"><strong>AFFICHER PLUS<\/strong><\/a><\/p>\n\t\t\t\t<img loading=\"lazy\" decoding=\"async\" src=\"https:\/\/libertyplanet.fr\/wp-content\/uploads\/2023\/09\/Icon-formule-anniversaire2.png\" alt=\"Icon formule anniversaire2\" itemprop=\"image\" height=\"1000\" width=\"1400\" title=\"Icon formule anniversaire2\" onerror=\"this.style.display='none'\"  \/>\n\t<p><a href=\"https:\/\/libertyplanet.fr\/de\/formule-anniversaire-ou-groupe\/\"><strong>AFFICHER PLUS<\/strong><\/a><\/p>\n\t\t\t\t<img loading=\"lazy\" decoding=\"async\" src=\"https:\/\/libertyplanet.fr\/wp-content\/uploads\/2023\/09\/Icon-Salle-NEMO2.png\" alt=\"Icon Salle NEMO2\" itemprop=\"image\" height=\"1000\" width=\"1400\" title=\"Icon Salle NEMO2\" onerror=\"this.style.display='none'\"  \/>\n\t<p><a href=\"https:\/\/libertyplanet.fr\/de\/location-salle-nemo\/\"><strong>AFFICHER PLUS<\/strong><\/a><\/p>\n\t<p><img loading=\"lazy\" decoding=\"async\" src=\"https:\/\/libertyplanet.fr\/wp-content\/uploads\/2023\/09\/Affiche-carte-VIP-site-300x169.png\" alt=\"Rejoignez le groupe Whatsapp VIP\" width=\"487\" height=\"274\" \/><\/p>\n<h2><strong>INFOS SUR WHATSAPP !<\/strong><\/h2>\n<p><strong>Dans ce groupe, vous aurez acc\u00e8s aux informations du Fun &amp; Skatepark directement sur Whatsapp ! (Ouvertures exceptionnelles, \u00e9v\u00e9nements, offres, etc&#8230;)<\/strong><\/p>\n<p><strong><a href=\"https:\/\/chat.whatsapp.com\/I7vey1F7ou2KnoUjdo1cgc\">Cliquez ici<\/a><\/strong><\/p>\n\t\t\t\t<img decoding=\"async\" src=\"https:\/\/libertyplanet.fr\/wp-content\/plugins\/beaver-builder-lite-version\/img\/pixel.png\" alt=\"\" itemprop=\"image\" onerror=\"this.style.display='none'\"  \/>\n\t<h1><strong>NOUS SOUTENIR<\/strong><\/h1>\n<p><b>Liberty Planet est une association \u00e0 but non lucratif. Vos dons aident \u00e0 ce que l&rsquo;association puisse continuer de fonctionner, MERCI infiniment ! L&rsquo;\u00e9quipe du Liberty Planet. <\/b>Nous soutenir financi\u00e8rement : <a href=\"https:\/\/www.helloasso.com\/associations\/liberty-planet\/formulaires\/1\">cliquez ici<\/a><\/p>\n\t<h2>\n\t\t\t\t\tO\u00d9 NOUS TROUVER\n\t\t\t\t<\/h2>\n\t<h2><strong>Fun &amp; Skatepark<br \/>\n<\/strong>LIBERTY PLANET<\/h2>\n\tCit\u00e9 des loisirs <strong>VITABOX<\/strong><br \/>\nRoute de Volgelsheim, 68600 Algolsheim\n<p>info(arobase)libertyplanet.fr<\/p>\n<p>07 69 79 78 69<\/p>\n\t<iframe src=\"https:\/\/www.google.com\/maps\/embed\/v1\/place?key=AIzaSyD09zQ9PNDNNy9TadMuzRV_UsPUoWKntt8&#038;q=Liberty+planet%0A%0Aroute+de+Volgelsheim%0A%0A68600+ALGOLSHEIM\"><\/iframe>\n\t<h2>\n\t\t\t\t\tNOS PARTENAIRES\n\t\t\t\t<\/h2>\n\t\t\t\t<img loading=\"lazy\" decoding=\"async\" src=\"https:\/\/libertyplanet.fr\/wp-content\/uploads\/2023\/08\/Logo-Rhinor-Palace-noir-2.png\" alt=\"Logo Rhinor Palace noir\" itemprop=\"image\" height=\"272\" width=\"300\" title=\"Logo Rhinor Palace noir\" onerror=\"this.style.display='none'\"  \/>\n\t\t\t\t<img loading=\"lazy\" decoding=\"async\" src=\"https:\/\/libertyplanet.fr\/wp-content\/uploads\/2023\/08\/LOGO-VITABOX.png\" alt=\"LOGO-VITABOX\" itemprop=\"image\" height=\"605\" width=\"672\" title=\"LOGO-VITABOX\" onerror=\"this.style.display='none'\"  \/>","protected":false},"excerpt":{"rendered":"<p>Prochaines ouvertures : Mercredi 04\/03\/26 Mercredi 11\/03\/26 Mercredi 18\/03\/26 Samedi 21\/03\/26 Mercredi 25\/03\/26 (de 14:00 \u00e0 17:00) CE QUE NOUS PROPOSONS AFFICHER PLUS AFFICHER PLUS AFFICHER PLUS AFFICHER PLUS INFOS SUR WHATSAPP ! Dans ce groupe, vous aurez acc\u00e8s aux informations du Fun &amp; Skatepark directement sur Whatsapp ! (Ouvertures [&hellip;]<\/p>","protected":false},"author":1,"featured_media":0,"parent":0,"menu_order":0,"comment_status":"closed","ping_status":"closed","template":"page-templates\/homepage-builder-bb.php","meta":{"footnotes":""},"yoast_head":"<!-- This site is optimized with the Yoast SEO plugin v14.7 - https:\/\/yoast.com\/wordpress\/plugins\/seo\/ -->\n<title>Liberty Planet \u00e0 Algolsheim<\/title>\n<meta name=\"description\" content=\"Bienvenue dans un lieu o\u00f9 l\u2019on peut s\u2019amuser, se d\u00e9penser, se retrouver entre amis et passer du bon temps entre jeunes ou en famille.\" \/>\n<meta name=\"robots\" content=\"index, follow\" \/>\n<meta name=\"googlebot\" content=\"index, follow, max-snippet:-1, max-image-preview:large, max-video-preview:-1\" \/>\n<meta name=\"bingbot\" content=\"index, follow, max-snippet:-1, max-image-preview:large, max-video-preview:-1\" \/>\n<link rel=\"canonical\" href=\"https:\/\/libertyplanet.fr\/de\/\" \/>\n<meta property=\"og:locale\" content=\"de_DE\" \/>\n<meta property=\"og:type\" content=\"article\" \/>\n<meta property=\"og:title\" content=\"Liberty Planet \u00e0 Algolsheim\" \/>\n<meta property=\"og:description\" content=\"Bienvenue dans un lieu o\u00f9 l\u2019on peut s\u2019amuser, se d\u00e9penser, se retrouver entre amis et passer du bon temps entre jeunes ou en famille.\" \/>\n<meta property=\"og:url\" content=\"https:\/\/libertyplanet.fr\/de\/\" \/>\n<meta property=\"og:site_name\" content=\"LIBERTY PLANET \/ SALLE NEMO\" \/>\n<meta property=\"article:publisher\" content=\"https:\/\/www.facebook.com\/libertyplanet.skatepark\" \/>\n<meta property=\"article:modified_time\" content=\"2026-03-04T10:23:33+00:00\" \/>\n<meta property=\"og:image\" content=\"https:\/\/libertyplanet.fr\/wp-content\/uploads\/2025\/09\/Capture-decran-2025-09-08-a-16.13.43.png\" \/>\n<meta name=\"twitter:card\" content=\"summary_large_image\" \/>\n<script type=\"application\/ld+json\" class=\"yoast-schema-graph\">{\"@context\":\"https:\/\/schema.org\",\"@graph\":[{\"@type\":\"Organization\",\"@id\":\"https:\/\/libertyplanet.fr\/de\/#organization\",\"name\":\"Fun&Skatepark LIBERTY PLANET\",\"url\":\"https:\/\/libertyplanet.fr\/de\/\",\"sameAs\":[\"https:\/\/www.facebook.com\/libertyplanet.skatepark\",\"https:\/\/www.instagram.com\/libertyplanet\"],\"logo\":{\"@type\":\"ImageObject\",\"@id\":\"https:\/\/libertyplanet.fr\/de\/#logo\",\"inLanguage\":\"de\",\"url\":\"https:\/\/libertyplanet.fr\/wp-content\/uploads\/2020\/06\/Liberty-Planet-Logo-Couleur-e1623231678923.png\",\"width\":150,\"height\":150,\"caption\":\"Fun&Skatepark LIBERTY PLANET\"},\"image\":{\"@id\":\"https:\/\/libertyplanet.fr\/de\/#logo\"}},{\"@type\":\"WebSite\",\"@id\":\"https:\/\/libertyplanet.fr\/de\/#website\",\"url\":\"https:\/\/libertyplanet.fr\/de\/\",\"name\":\"Fun&Skatepark LIBERTY PLANET\",\"description\":\"Fun &amp; Skatepark \/ Location skatepark modulable\",\"publisher\":{\"@id\":\"https:\/\/libertyplanet.fr\/de\/#organization\"},\"potentialAction\":[{\"@type\":\"SearchAction\",\"target\":\"https:\/\/libertyplanet.fr\/de\/?s={search_term_string}\",\"query-input\":\"required name=search_term_string\"}],\"inLanguage\":\"de\"},{\"@type\":\"ImageObject\",\"@id\":\"https:\/\/libertyplanet.fr\/fr_fr\/#primaryimage\",\"inLanguage\":\"de\",\"url\":\"https:\/\/libertyplanet.fr\/wp-content\/uploads\/2025\/09\/Capture-decran-2025-09-08-a-16.13.43.png\",\"width\":2608,\"height\":1866},{\"@type\":\"WebPage\",\"@id\":\"https:\/\/libertyplanet.fr\/fr_fr\/#webpage\",\"url\":\"https:\/\/libertyplanet.fr\/fr_fr\/\",\"name\":\"Liberty Planet \\u00e0 Algolsheim\",\"isPartOf\":{\"@id\":\"https:\/\/libertyplanet.fr\/de\/#website\"},\"primaryImageOfPage\":{\"@id\":\"https:\/\/libertyplanet.fr\/fr_fr\/#primaryimage\"},\"datePublished\":\"2020-04-27T14:11:45+00:00\",\"dateModified\":\"2026-03-04T10:23:33+00:00\",\"description\":\"Bienvenue dans un lieu o\\u00f9 l\\u2019on peut s\\u2019amuser, se d\\u00e9penser, se retrouver entre amis et passer du bon temps entre jeunes ou en famille.\",\"inLanguage\":\"de\",\"potentialAction\":[{\"@type\":\"ReadAction\",\"target\":[\"https:\/\/libertyplanet.fr\/fr_fr\/\"]}]}]}<\/script>\n<!-- \/ Yoast SEO plugin. -->","_links":{"self":[{"href":"https:\/\/libertyplanet.fr\/de\/wp-json\/wp\/v2\/pages\/14"}],"collection":[{"href":"https:\/\/libertyplanet.fr\/de\/wp-json\/wp\/v2\/pages"}],"about":[{"href":"https:\/\/libertyplanet.fr\/de\/wp-json\/wp\/v2\/types\/page"}],"author":[{"embeddable":true,"href":"https:\/\/libertyplanet.fr\/de\/wp-json\/wp\/v2\/users\/1"}],"replies":[{"embeddable":true,"href":"https:\/\/libertyplanet.fr\/de\/wp-json\/wp\/v2\/comments?post=14"}],"version-history":[{"count":231,"href":"https:\/\/libertyplanet.fr\/de\/wp-json\/wp\/v2\/pages\/14\/revisions"}],"predecessor-version":[{"id":1355,"href":"https:\/\/libertyplanet.fr\/de\/wp-json\/wp\/v2\/pages\/14\/revisions\/1355"}],"wp:attachment":[{"href":"https:\/\/libertyplanet.fr\/de\/wp-json\/wp\/v2\/media?parent=14"}],"curies":[{"name":"wp","href":"https:\/\/api.w.org\/{rel}","templated":true}]}}