{"id":1295,"date":"2025-08-21T19:48:09","date_gmt":"2025-08-21T17:48:09","guid":{"rendered":"https:\/\/libertyplanet.fr\/?page_id=1295"},"modified":"2025-09-14T18:24:36","modified_gmt":"2025-09-14T16:24:36","slug":"liberty-cafe-cafe-associatif-a-algolsheim","status":"publish","type":"page","link":"https:\/\/libertyplanet.fr\/de\/liberty-cafe-cafe-associatif-a-algolsheim\/","title":{"rendered":"Liberty Caf\u00e9"},"content":{"rendered":"<p><em><strong>Des boissons chaudes ou froides, des gourmandises \u00e0 d\u00e9guster, et bien plus \u00e0 exp\u00e9rimenter&nbsp;: c\u2019est le Liberty Caf\u00e9 <\/strong><\/em>!<\/p>\n\n\n<div class=\"wp-block-image\">\n<figure class=\"aligncenter size-large\"><img loading=\"lazy\" decoding=\"async\" width=\"1024\" height=\"730\" src=\"https:\/\/libertyplanet.fr\/wp-content\/uploads\/2025\/08\/e9785284-940c-48a1-9728-ef0f502a1bc2-1024x730.jpeg\" alt=\"\" class=\"wp-image-1299\" srcset=\"https:\/\/libertyplanet.fr\/wp-content\/uploads\/2025\/08\/e9785284-940c-48a1-9728-ef0f502a1bc2-1024x730.jpeg 1024w, https:\/\/libertyplanet.fr\/wp-content\/uploads\/2025\/08\/e9785284-940c-48a1-9728-ef0f502a1bc2-300x214.jpeg 300w, https:\/\/libertyplanet.fr\/wp-content\/uploads\/2025\/08\/e9785284-940c-48a1-9728-ef0f502a1bc2-768x547.jpeg 768w, https:\/\/libertyplanet.fr\/wp-content\/uploads\/2025\/08\/e9785284-940c-48a1-9728-ef0f502a1bc2-1536x1095.jpeg 1536w, https:\/\/libertyplanet.fr\/wp-content\/uploads\/2025\/08\/e9785284-940c-48a1-9728-ef0f502a1bc2-18x12.jpeg 18w, https:\/\/libertyplanet.fr\/wp-content\/uploads\/2025\/08\/e9785284-940c-48a1-9728-ef0f502a1bc2-1000x713.jpeg 1000w, https:\/\/libertyplanet.fr\/wp-content\/uploads\/2025\/08\/e9785284-940c-48a1-9728-ef0f502a1bc2-1800x1283.jpeg 1800w, https:\/\/libertyplanet.fr\/wp-content\/uploads\/2025\/08\/e9785284-940c-48a1-9728-ef0f502a1bc2-600x428.jpeg 600w, https:\/\/libertyplanet.fr\/wp-content\/uploads\/2025\/08\/e9785284-940c-48a1-9728-ef0f502a1bc2-786x560.jpeg 786w, https:\/\/libertyplanet.fr\/wp-content\/uploads\/2025\/08\/e9785284-940c-48a1-9728-ef0f502a1bc2.jpeg 1810w\" sizes=\"(max-width: 1024px) 100vw, 1024px\" \/><\/figure><\/div>\n\n\n<p>Ce caf\u00e9 associatif, nich\u00e9 au coeur de Liberty Planet, Fun &amp; Skatepark, se situe \u00e0 Algolseim. Il ouvrira ses portes le<strong><em> 15 septembre 2025<\/em><\/strong> !<\/p>\n\n\n\n<p>S\u2019inscrivant dans la continuit\u00e9 de la <em>vision<\/em> de l\u2019association Liberty Planet, ce lieu est <em><strong>unique<\/strong><\/em> en son genre. Sa particularit\u00e9&nbsp;: il offre une <em><strong>parenth\u00e8se hors du temps. <\/strong><\/em>Qu\u2019il est appr\u00e9ciable de sortir boire une tasse de th\u00e9 ou de caf\u00e9 au vert, <em><strong>loin de l\u2019agitation du quotidien<\/strong><\/em>.<\/p>\n\n\n\n<p>Vous trouverez au Liberty Caf\u00e9 une <em><strong>ambiance d\u00e9tente et cocooning<\/strong><\/em>, avec beaucoup de <em><strong>plantes vertes<\/strong><\/em>. Vous vous y sentirez comme chez vous ! \u00c0 la belle saison, une <strong>terrasse<\/strong> vous accueille pour profiter des rayons du soleil en toute <em><strong>qui\u00e9tude<\/strong><\/em>.<\/p>\n\n\n\n<p>Dans ce lieu, <em><strong>toutes les g\u00e9n\u00e9rations<\/strong><\/em> sont les bienvenues. Des espaces ludiques pour les enfants et un <em><strong>tout nouvel espace calme et propice \u00e0 la d\u00e9tente<\/strong><\/em> sont am\u00e9nag\u00e9s afin de vous proposer une exp\u00e9rience des plus agr\u00e9ables !<\/p>\n\n\n\n<p>Le Liberty Caf\u00e9 a pour vocation de <em><strong>cr\u00e9er du lien entre les clients et les b\u00e9n\u00e9voles<\/strong><\/em>, dans un <em><strong>climat chaleureux<\/strong><\/em>. <em><strong>Disponibilit\u00e9 et bienveillance<\/strong><\/em> sont les ma\u00eetres mots de l\u2019\u00e9quipe b\u00e9n\u00e9vole \u00e0 votre service.<\/p>\n\n\n\n<p>\u00c0 cet effet, <em><strong>divers ateliers<\/strong><\/em> seront propos\u00e9s tout au long de l\u2019ann\u00e9e&nbsp;a partir du mois d&rsquo;octobre : des ateliers artistiques, linguistiques, des rencontres lecture, des caf\u00e9s philos&nbsp;! Ils sont <em><strong>hebdomadaires ou mensuels<\/strong><\/em>.<br>Vous pourrez consulter l\u2019agenda des ateliers prochainement. <\/p>\n\n\n\n<p>Au plaisir de vous renconter au Liberty Caf\u00e9 !<\/p>\n\n\n<div class=\"wp-block-image\">\n<figure class=\"aligncenter size-full is-resized\"><img loading=\"lazy\" decoding=\"async\" width=\"940\" height=\"788\" src=\"https:\/\/libertyplanet.fr\/wp-content\/uploads\/2025\/09\/Horaires-ouverture-Liberty-Cafe2.png\" alt=\"\" class=\"wp-image-1351\" style=\"width:645px;height:auto\" srcset=\"https:\/\/libertyplanet.fr\/wp-content\/uploads\/2025\/09\/Horaires-ouverture-Liberty-Cafe2.png 940w, https:\/\/libertyplanet.fr\/wp-content\/uploads\/2025\/09\/Horaires-ouverture-Liberty-Cafe2-300x251.png 300w, https:\/\/libertyplanet.fr\/wp-content\/uploads\/2025\/09\/Horaires-ouverture-Liberty-Cafe2-768x644.png 768w, https:\/\/libertyplanet.fr\/wp-content\/uploads\/2025\/09\/Horaires-ouverture-Liberty-Cafe2-14x12.png 14w, https:\/\/libertyplanet.fr\/wp-content\/uploads\/2025\/09\/Horaires-ouverture-Liberty-Cafe2-600x503.png 600w, https:\/\/libertyplanet.fr\/wp-content\/uploads\/2025\/09\/Horaires-ouverture-Liberty-Cafe2-668x560.png 668w\" sizes=\"(max-width: 940px) 100vw, 940px\" \/><\/figure><\/div>\n\n\n<p>Remarque : Les mercredis et week-ends, l&rsquo;espace Liberty Caf\u00e9 reste accessible mais l&rsquo;\u00e9quipe de b\u00e9n\u00e9voles n&rsquo;est pas la m\u00eame.<\/p>\n\n\n<div class=\"wp-block-image\">\n<figure class=\"aligncenter size-large is-resized\"><img loading=\"lazy\" decoding=\"async\" width=\"1024\" height=\"1024\" src=\"https:\/\/libertyplanet.fr\/wp-content\/uploads\/2025\/08\/logo-liberty-cafe_bichromie_ss-fond-1024x1024.png\" alt=\"\" class=\"wp-image-1310\" style=\"width:349px;height:auto\" srcset=\"https:\/\/libertyplanet.fr\/wp-content\/uploads\/2025\/08\/logo-liberty-cafe_bichromie_ss-fond-1024x1024.png 1024w, https:\/\/libertyplanet.fr\/wp-content\/uploads\/2025\/08\/logo-liberty-cafe_bichromie_ss-fond-300x300.png 300w, https:\/\/libertyplanet.fr\/wp-content\/uploads\/2025\/08\/logo-liberty-cafe_bichromie_ss-fond-150x150.png 150w, https:\/\/libertyplanet.fr\/wp-content\/uploads\/2025\/08\/logo-liberty-cafe_bichromie_ss-fond-768x768.png 768w, https:\/\/libertyplanet.fr\/wp-content\/uploads\/2025\/08\/logo-liberty-cafe_bichromie_ss-fond-1536x1536.png 1536w, https:\/\/libertyplanet.fr\/wp-content\/uploads\/2025\/08\/logo-liberty-cafe_bichromie_ss-fond-12x12.png 12w, https:\/\/libertyplanet.fr\/wp-content\/uploads\/2025\/08\/logo-liberty-cafe_bichromie_ss-fond-1000x1000.png 1000w, https:\/\/libertyplanet.fr\/wp-content\/uploads\/2025\/08\/logo-liberty-cafe_bichromie_ss-fond-280x280.png 280w, https:\/\/libertyplanet.fr\/wp-content\/uploads\/2025\/08\/logo-liberty-cafe_bichromie_ss-fond-600x600.png 600w, https:\/\/libertyplanet.fr\/wp-content\/uploads\/2025\/08\/logo-liberty-cafe_bichromie_ss-fond-560x560.png 560w, https:\/\/libertyplanet.fr\/wp-content\/uploads\/2025\/08\/logo-liberty-cafe_bichromie_ss-fond.png 1643w\" sizes=\"(max-width: 1024px) 100vw, 1024px\" \/><\/figure><\/div>\n\n\n<p class=\"has-text-align-center\">Suivez-nous sur les r\u00e9seaux sociaux  :<\/p>\n\n\n\n<ul class=\"wp-block-social-links has-normal-icon-size is-style-pill-shape is-horizontal is-content-justification-center is-nowrap is-layout-flex wp-container-core-social-links-is-layout-1 wp-block-social-links-is-layout-flex\"><li class=\"wp-social-link wp-social-link-instagram  wp-block-social-link\"><a rel=\"noopener nofollow\" target=\"_blank\" href=\"https:\/\/instagram.com\/liberty_cafe_algolsheim\" class=\"wp-block-social-link-anchor\"><svg width=\"24\" height=\"24\" viewbox=\"0 0 24 24\" version=\"1.1\" xmlns=\"http:\/\/www.w3.org\/2000\/svg\" aria-hidden=\"true\" focusable=\"false\"><path d=\"M12,4.622c2.403,0,2.688,0.009,3.637,0.052c0.877,0.04,1.354,0.187,1.671,0.31c0.42,0.163,0.72,0.358,1.035,0.673 c0.315,0.315,0.51,0.615,0.673,1.035c0.123,0.317,0.27,0.794,0.31,1.671c0.043,0.949,0.052,1.234,0.052,3.637 s-0.009,2.688-0.052,3.637c-0.04,0.877-0.187,1.354-0.31,1.671c-0.163,0.42-0.358,0.72-0.673,1.035 c-0.315,0.315-0.615,0.51-1.035,0.673c-0.317,0.123-0.794,0.27-1.671,0.31c-0.949,0.043-1.233,0.052-3.637,0.052 s-2.688-0.009-3.637-0.052c-0.877-0.04-1.354-0.187-1.671-0.31c-0.42-0.163-0.72-0.358-1.035-0.673 c-0.315-0.315-0.51-0.615-0.673-1.035c-0.123-0.317-0.27-0.794-0.31-1.671C4.631,14.688,4.622,14.403,4.622,12 s0.009-2.688,0.052-3.637c0.04-0.877,0.187-1.354,0.31-1.671c0.163-0.42,0.358-0.72,0.673-1.035 c0.315-0.315,0.615-0.51,1.035-0.673c0.317-0.123,0.794-0.27,1.671-0.31C9.312,4.631,9.597,4.622,12,4.622 M12,3 C9.556,3,9.249,3.01,8.289,3.054C7.331,3.098,6.677,3.25,6.105,3.472C5.513,3.702,5.011,4.01,4.511,4.511 c-0.5,0.5-0.808,1.002-1.038,1.594C3.25,6.677,3.098,7.331,3.054,8.289C3.01,9.249,3,9.556,3,12c0,2.444,0.01,2.751,0.054,3.711 c0.044,0.958,0.196,1.612,0.418,2.185c0.23,0.592,0.538,1.094,1.038,1.594c0.5,0.5,1.002,0.808,1.594,1.038 c0.572,0.222,1.227,0.375,2.185,0.418C9.249,20.99,9.556,21,12,21s2.751-0.01,3.711-0.054c0.958-0.044,1.612-0.196,2.185-0.418 c0.592-0.23,1.094-0.538,1.594-1.038c0.5-0.5,0.808-1.002,1.038-1.594c0.222-0.572,0.375-1.227,0.418-2.185 C20.99,14.751,21,14.444,21,12s-0.01-2.751-0.054-3.711c-0.044-0.958-0.196-1.612-0.418-2.185c-0.23-0.592-0.538-1.094-1.038-1.594 c-0.5-0.5-1.002-0.808-1.594-1.038c-0.572-0.222-1.227-0.375-2.185-0.418C14.751,3.01,14.444,3,12,3L12,3z M12,7.378 c-2.552,0-4.622,2.069-4.622,4.622S9.448,16.622,12,16.622s4.622-2.069,4.622-4.622S14.552,7.378,12,7.378z M12,15 c-1.657,0-3-1.343-3-3s1.343-3,3-3s3,1.343,3,3S13.657,15,12,15z M16.804,6.116c-0.596,0-1.08,0.484-1.08,1.08 s0.484,1.08,1.08,1.08c0.596,0,1.08-0.484,1.08-1.08S17.401,6.116,16.804,6.116z\"><\/path><\/svg><span class=\"wp-block-social-link-label screen-reader-text\">Instagram<\/span><\/a><\/li>\n\n<li class=\"wp-social-link wp-social-link-facebook  wp-block-social-link\"><a rel=\"noopener nofollow\" target=\"_blank\" href=\"https:\/\/www.facebook.com\/p\/Liberty-Caf%C3%A9-Algolsheim-61579658789296\" class=\"wp-block-social-link-anchor\"><svg width=\"24\" height=\"24\" viewbox=\"0 0 24 24\" version=\"1.1\" xmlns=\"http:\/\/www.w3.org\/2000\/svg\" aria-hidden=\"true\" focusable=\"false\"><path d=\"M12 2C6.5 2 2 6.5 2 12c0 5 3.7 9.1 8.4 9.9v-7H7.9V12h2.5V9.8c0-2.5 1.5-3.9 3.8-3.9 1.1 0 2.2.2 2.2.2v2.5h-1.3c-1.2 0-1.6.8-1.6 1.6V12h2.8l-.4 2.9h-2.3v7C18.3 21.1 22 17 22 12c0-5.5-4.5-10-10-10z\"><\/path><\/svg><span class=\"wp-block-social-link-label screen-reader-text\">Facebook<\/span><\/a><\/li><\/ul>","protected":false},"excerpt":{"rendered":"<p>Des boissons chaudes ou froides, des gourmandises \u00e0 d\u00e9guster, et bien plus \u00e0 exp\u00e9rimenter&nbsp;: c\u2019est le Liberty Caf\u00e9 ! Ce caf\u00e9 associatif, nich\u00e9 au coeur de Liberty Planet, Fun &amp; Skatepark, se situe \u00e0 Algolseim. Il ouvrira ses portes le 15 septembre 2025 ! S\u2019inscrivant dans la continuit\u00e9 de la [&hellip;]<\/p>","protected":false},"author":1,"featured_media":1299,"parent":0,"menu_order":0,"comment_status":"closed","ping_status":"closed","template":"","meta":{"footnotes":""},"yoast_head":"<!-- This site is optimized with the Yoast SEO plugin v14.7 - https:\/\/yoast.com\/wordpress\/plugins\/seo\/ -->\n<title>Liberty Caf\u00e9 - LIBERTY PLANET \/ SALLE NEMO<\/title>\n<meta name=\"description\" content=\"Cafe servant des boissons chaudes ou froides et des douceurs a deguster dans un cadre propice a la detente et verdoyant + structures de jeux\" \/>\n<meta name=\"robots\" content=\"index, follow\" \/>\n<meta name=\"googlebot\" content=\"index, follow, max-snippet:-1, max-image-preview:large, max-video-preview:-1\" \/>\n<meta name=\"bingbot\" content=\"index, follow, max-snippet:-1, max-image-preview:large, max-video-preview:-1\" \/>\n<link rel=\"canonical\" href=\"https:\/\/libertyplanet.fr\/de\/liberty-cafe-cafe-associatif-a-algolsheim\/\" \/>\n<meta property=\"og:locale\" content=\"de_DE\" \/>\n<meta property=\"og:type\" content=\"article\" \/>\n<meta property=\"og:title\" content=\"Liberty Caf\u00e9 - LIBERTY PLANET \/ SALLE NEMO\" \/>\n<meta property=\"og:description\" content=\"Cafe servant des boissons chaudes ou froides et des douceurs a deguster dans un cadre propice a la detente et verdoyant + structures de jeux\" \/>\n<meta property=\"og:url\" content=\"https:\/\/libertyplanet.fr\/de\/liberty-cafe-cafe-associatif-a-algolsheim\/\" \/>\n<meta property=\"og:site_name\" content=\"LIBERTY PLANET \/ SALLE NEMO\" \/>\n<meta property=\"article:publisher\" content=\"https:\/\/www.facebook.com\/libertyplanet.skatepark\" \/>\n<meta property=\"article:modified_time\" content=\"2025-09-14T16:24:36+00:00\" \/>\n<meta property=\"og:image\" content=\"https:\/\/libertyplanet.fr\/wp-content\/uploads\/2025\/08\/logo-liberty-cafe_bichromie_ss-fond.png\" \/>\n\t<meta property=\"og:image:width\" content=\"1643\" \/>\n\t<meta property=\"og:image:height\" content=\"1643\" \/>\n<meta name=\"twitter:card\" content=\"summary_large_image\" \/>\n<script type=\"application\/ld+json\" class=\"yoast-schema-graph\">{\"@context\":\"https:\/\/schema.org\",\"@graph\":[{\"@type\":\"Organization\",\"@id\":\"https:\/\/libertyplanet.fr\/de\/#organization\",\"name\":\"Fun&Skatepark LIBERTY PLANET\",\"url\":\"https:\/\/libertyplanet.fr\/de\/\",\"sameAs\":[\"https:\/\/www.facebook.com\/libertyplanet.skatepark\",\"https:\/\/www.instagram.com\/libertyplanet\"],\"logo\":{\"@type\":\"ImageObject\",\"@id\":\"https:\/\/libertyplanet.fr\/de\/#logo\",\"inLanguage\":\"de\",\"url\":\"https:\/\/libertyplanet.fr\/wp-content\/uploads\/2020\/06\/Liberty-Planet-Logo-Couleur-e1623231678923.png\",\"width\":150,\"height\":150,\"caption\":\"Fun&Skatepark LIBERTY PLANET\"},\"image\":{\"@id\":\"https:\/\/libertyplanet.fr\/de\/#logo\"}},{\"@type\":\"WebSite\",\"@id\":\"https:\/\/libertyplanet.fr\/de\/#website\",\"url\":\"https:\/\/libertyplanet.fr\/de\/\",\"name\":\"Fun&Skatepark LIBERTY PLANET\",\"description\":\"Fun &amp; Skatepark \/ Location skatepark modulable\",\"publisher\":{\"@id\":\"https:\/\/libertyplanet.fr\/de\/#organization\"},\"potentialAction\":[{\"@type\":\"SearchAction\",\"target\":\"https:\/\/libertyplanet.fr\/de\/?s={search_term_string}\",\"query-input\":\"required name=search_term_string\"}],\"inLanguage\":\"de\"},{\"@type\":\"ImageObject\",\"@id\":\"https:\/\/libertyplanet.fr\/liberty-cafe-cafe-associatif-a-algolsheim\/#primaryimage\",\"inLanguage\":\"de\",\"url\":\"https:\/\/libertyplanet.fr\/wp-content\/uploads\/2025\/08\/e9785284-940c-48a1-9728-ef0f502a1bc2.jpeg\",\"width\":1810,\"height\":1290},{\"@type\":\"WebPage\",\"@id\":\"https:\/\/libertyplanet.fr\/liberty-cafe-cafe-associatif-a-algolsheim\/#webpage\",\"url\":\"https:\/\/libertyplanet.fr\/liberty-cafe-cafe-associatif-a-algolsheim\/\",\"name\":\"Liberty Caf\\u00e9 - LIBERTY PLANET \/ SALLE NEMO\",\"isPartOf\":{\"@id\":\"https:\/\/libertyplanet.fr\/de\/#website\"},\"primaryImageOfPage\":{\"@id\":\"https:\/\/libertyplanet.fr\/liberty-cafe-cafe-associatif-a-algolsheim\/#primaryimage\"},\"datePublished\":\"2025-08-21T17:48:09+00:00\",\"dateModified\":\"2025-09-14T16:24:36+00:00\",\"description\":\"Cafe servant des boissons chaudes ou froides et des douceurs a deguster dans un cadre propice a la detente et verdoyant + structures de jeux\",\"inLanguage\":\"de\",\"potentialAction\":[{\"@type\":\"ReadAction\",\"target\":[\"https:\/\/libertyplanet.fr\/liberty-cafe-cafe-associatif-a-algolsheim\/\"]}]}]}<\/script>\n<!-- \/ Yoast SEO plugin. -->","_links":{"self":[{"href":"https:\/\/libertyplanet.fr\/de\/wp-json\/wp\/v2\/pages\/1295"}],"collection":[{"href":"https:\/\/libertyplanet.fr\/de\/wp-json\/wp\/v2\/pages"}],"about":[{"href":"https:\/\/libertyplanet.fr\/de\/wp-json\/wp\/v2\/types\/page"}],"author":[{"embeddable":true,"href":"https:\/\/libertyplanet.fr\/de\/wp-json\/wp\/v2\/users\/1"}],"replies":[{"embeddable":true,"href":"https:\/\/libertyplanet.fr\/de\/wp-json\/wp\/v2\/comments?post=1295"}],"version-history":[{"count":25,"href":"https:\/\/libertyplanet.fr\/de\/wp-json\/wp\/v2\/pages\/1295\/revisions"}],"predecessor-version":[{"id":1352,"href":"https:\/\/libertyplanet.fr\/de\/wp-json\/wp\/v2\/pages\/1295\/revisions\/1352"}],"wp:featuredmedia":[{"embeddable":true,"href":"https:\/\/libertyplanet.fr\/de\/wp-json\/wp\/v2\/media\/1299"}],"wp:attachment":[{"href":"https:\/\/libertyplanet.fr\/de\/wp-json\/wp\/v2\/media?parent=1295"}],"curies":[{"name":"wp","href":"https:\/\/api.w.org\/{rel}","templated":true}]}}