{"id":1128,"date":"2023-08-29T15:10:57","date_gmt":"2023-08-29T13:10:57","guid":{"rendered":"https:\/\/libertyplanet.fr\/?page_id=1128"},"modified":"2024-04-04T09:51:42","modified_gmt":"2024-04-04T07:51:42","slug":"location-salle-nemo","status":"publish","type":"page","link":"https:\/\/libertyplanet.fr\/de\/location-salle-nemo\/","title":{"rendered":"Location skatepark modulable (salle NEMO)"},"content":{"rendered":"<h2>Location d&rsquo;un skatepark modulable pour vos f\u00eates !<\/h2>\n<p><strong><em>Visite et pr\u00e9sentation des lieux sur demande : info@libertyplanet.fr<\/em><\/strong><\/p>\n\t<h2>Organisation et capacit\u00e9<\/h2>\nLe Fun &amp; Skatepark Liberty Planet inaugur\u00e9 en 2011, se situe dans la cit\u00e9 des loisirs Vitabox \u00e0 Algolsheim. Ce lieu atypique propose :\n<figure id=\"attachment_995\" aria-describedby=\"caption-attachment-995\" style=\"width: 300px\" class=\"wp-caption alignleft\"><img loading=\"lazy\" decoding=\"async\" src=\"https:\/\/libertyplanet.fr\/wp-content\/uploads\/2023\/06\/IMG_0275-300x225.jpg\" alt=\"\" width=\"300\" height=\"225\" \/><figcaption id=\"caption-attachment-995\" class=\"wp-caption-text\">Le skatepark peut \u00eatre am\u00e9nag\u00e9 en salle polyvalente. Elle peut accueillir 170 personnes.<\/figcaption><\/figure>\n<figure id=\"attachment_1003\" aria-describedby=\"caption-attachment-1003\" style=\"width: 300px\" class=\"wp-caption alignleft\"><img loading=\"lazy\" decoding=\"async\" src=\"https:\/\/libertyplanet.fr\/wp-content\/uploads\/2023\/06\/372ceef5-653f-4b09-9fde-6e508734964f-300x225.jpg\" alt=\"\" width=\"300\" height=\"225\" \/><figcaption id=\"caption-attachment-1003\" class=\"wp-caption-text\">Possibilit\u00e9 de louer des tables rondes, des chaises et des nappes<\/figcaption><\/figure>\n<figure id=\"attachment_997\" aria-describedby=\"caption-attachment-997\" style=\"width: 300px\" class=\"wp-caption alignleft\"><img loading=\"lazy\" decoding=\"async\" src=\"https:\/\/libertyplanet.fr\/wp-content\/uploads\/2023\/06\/IMG_0473-300x225.jpg\" alt=\"\" width=\"300\" height=\"225\" \/><figcaption id=\"caption-attachment-997\" class=\"wp-caption-text\">Un funpark : piscine \u00e0 balle, trampoline,<br \/>babyfoot, tennis de table, carpetball<br \/>un espace pour les 0-3 ans.<\/figcaption><\/figure>\n<figure id=\"attachment_1190\" aria-describedby=\"caption-attachment-1190\" style=\"width: 300px\" class=\"wp-caption alignleft\"><img loading=\"lazy\" decoding=\"async\" src=\"https:\/\/libertyplanet.fr\/wp-content\/uploads\/2023\/09\/IMG_2115-300x225.jpg\" alt=\"\" width=\"300\" height=\"225\" \/><figcaption id=\"caption-attachment-1190\" class=\"wp-caption-text\">Un bar avec : frigo, micro-onde, four et plaques de cuisson<\/figcaption><\/figure>\n<figure id=\"attachment_1017\" aria-describedby=\"caption-attachment-1017\" style=\"width: 300px\" class=\"wp-caption alignleft\"><img loading=\"lazy\" decoding=\"async\" src=\"https:\/\/libertyplanet.fr\/wp-content\/uploads\/2023\/06\/IMG_0473-300x225-2-300x225.png\" alt=\"\" width=\"300\" height=\"225\" \/><figcaption id=\"caption-attachment-1017\" class=\"wp-caption-text\">Une aire de jeu ext\u00e9rieure<\/figcaption><\/figure>\n<figure id=\"attachment_998\" aria-describedby=\"caption-attachment-998\" style=\"width: 300px\" class=\"wp-caption alignleft\"><img loading=\"lazy\" decoding=\"async\" src=\"https:\/\/libertyplanet.fr\/wp-content\/uploads\/2023\/06\/IMG_0474-300x225.jpg\" alt=\"\" width=\"300\" height=\"225\" \/><figcaption id=\"caption-attachment-998\" class=\"wp-caption-text\">Un parking de 150 places<\/figcaption><\/figure>\n\n<h2>Tarifs<\/h2>\n<table>\n<tbody>\n<tr>\n<td><b>Moins de 3 heures<\/b><\/td>\n<td><b>\u00e0 partir de 90,00 \u20ac\u00a0<\/b><\/td>\n<\/tr>\n<tr>\n<td><b>Demi-journ\u00e9e<\/b><\/td>\n<td><b>\u00e0 partir de 180,00 \u20ac<\/b><\/td>\n<\/tr>\n<tr>\n<td><b>Journ\u00e9e<\/b><\/td>\n<td><b>\u00e0 partir de 270,00 \u20ac<\/b><\/td>\n<\/tr>\n<tr>\n<td><b>Week-end<\/b><\/td>\n<td><b>\u00e0 partir de 510,00 \u20ac<\/b><\/td>\n<\/tr>\n<\/tbody>\n<\/table>\n<p>(tarifs pour association sur demande).<\/p>\n<p>&nbsp;<\/p>\n<h2>Option(s) suppl\u00e9mentaire(s)<\/h2>\n<ul>\n<li>Funpark<\/li>\n<li>Location tables et chaises<\/li>\n<li>Nappes pour tables rondes<\/li>\n<li>Location petite sono<\/li>\n<li>Vid\u00e9o projecteur et \u00e9cran blanc<\/li>\n<li>Percolateur<\/li>\n<li>Connexion internet<\/li>\n<li>Chauffage<\/li>\n<li>Location machine \u00e0 glace \u00e0 l&rsquo;italienne<\/li>\n<li>Photographe (prestataire externe)<\/li>\n<\/ul>\n<p>&nbsp;<\/p>\n<h2>Plan d&rsquo;acc\u00e8s<\/h2>\n<p>Pour plus renseignements vous pouvez nous contacter par mail.<\/p>\n\t<iframe src=\"https:\/\/www.google.com\/maps\/embed\/v1\/place?key=AIzaSyD09zQ9PNDNNy9TadMuzRV_UsPUoWKntt8&#038;q=Liberty+Planet\"><\/iframe>","protected":false},"excerpt":{"rendered":"<p>Location d&rsquo;un skatepark modulable pour vos f\u00eates ! Visite et pr\u00e9sentation des lieux sur demande : info@libertyplanet.fr Organisation et capacit\u00e9 Le Fun &amp; Skatepark Liberty Planet inaugur\u00e9 en 2011, se situe dans la cit\u00e9 des loisirs Vitabox \u00e0 Algolsheim. Ce lieu atypique propose : Tarifs Moins de 3 heures \u00e0 [&hellip;]<\/p>","protected":false},"author":5,"featured_media":0,"parent":0,"menu_order":0,"comment_status":"closed","ping_status":"closed","template":"","meta":{"footnotes":""},"yoast_head":"<!-- This site is optimized with the Yoast SEO plugin v14.7 - https:\/\/yoast.com\/wordpress\/plugins\/seo\/ -->\n<title>Location skatepark modulable (salle NEMO) - LIBERTY PLANET \/ SALLE NEMO<\/title>\n<meta name=\"robots\" content=\"index, follow\" \/>\n<meta name=\"googlebot\" content=\"index, follow, max-snippet:-1, max-image-preview:large, max-video-preview:-1\" \/>\n<meta name=\"bingbot\" content=\"index, follow, max-snippet:-1, max-image-preview:large, max-video-preview:-1\" \/>\n<link rel=\"canonical\" href=\"https:\/\/libertyplanet.fr\/de\/location-salle-nemo\/\" \/>\n<meta property=\"og:locale\" content=\"de_DE\" \/>\n<meta property=\"og:type\" content=\"article\" \/>\n<meta property=\"og:title\" content=\"Location skatepark modulable (salle NEMO) - LIBERTY PLANET \/ SALLE NEMO\" \/>\n<meta property=\"og:description\" content=\"Location d&rsquo;un skatepark modulable pour vos f\u00eates ! Visite et pr\u00e9sentation des lieux sur demande : info@libertyplanet.fr Organisation et capacit\u00e9 Le Fun &amp; Skatepark Liberty Planet inaugur\u00e9 en 2011, se situe dans la cit\u00e9 des loisirs Vitabox \u00e0 Algolsheim. Ce lieu atypique propose : Tarifs Moins de 3 heures \u00e0 [&hellip;]\" \/>\n<meta property=\"og:url\" content=\"https:\/\/libertyplanet.fr\/de\/location-salle-nemo\/\" \/>\n<meta property=\"og:site_name\" content=\"LIBERTY PLANET \/ SALLE NEMO\" \/>\n<meta property=\"article:publisher\" content=\"https:\/\/www.facebook.com\/libertyplanet.skatepark\" \/>\n<meta property=\"article:modified_time\" content=\"2024-04-04T07:51:42+00:00\" \/>\n<meta property=\"og:image\" content=\"https:\/\/libertyplanet.fr\/wp-content\/uploads\/2023\/06\/IMG_0275-300x225.jpg\" \/>\n<meta name=\"twitter:card\" content=\"summary_large_image\" \/>\n<script type=\"application\/ld+json\" class=\"yoast-schema-graph\">{\"@context\":\"https:\/\/schema.org\",\"@graph\":[{\"@type\":\"Organization\",\"@id\":\"https:\/\/libertyplanet.fr\/de\/#organization\",\"name\":\"Fun&Skatepark LIBERTY PLANET\",\"url\":\"https:\/\/libertyplanet.fr\/de\/\",\"sameAs\":[\"https:\/\/www.facebook.com\/libertyplanet.skatepark\",\"https:\/\/www.instagram.com\/libertyplanet\"],\"logo\":{\"@type\":\"ImageObject\",\"@id\":\"https:\/\/libertyplanet.fr\/de\/#logo\",\"inLanguage\":\"de\",\"url\":\"https:\/\/libertyplanet.fr\/wp-content\/uploads\/2020\/06\/Liberty-Planet-Logo-Couleur-e1623231678923.png\",\"width\":150,\"height\":150,\"caption\":\"Fun&Skatepark LIBERTY PLANET\"},\"image\":{\"@id\":\"https:\/\/libertyplanet.fr\/de\/#logo\"}},{\"@type\":\"WebSite\",\"@id\":\"https:\/\/libertyplanet.fr\/de\/#website\",\"url\":\"https:\/\/libertyplanet.fr\/de\/\",\"name\":\"Fun&Skatepark LIBERTY PLANET\",\"description\":\"Fun &amp; Skatepark \/ Location skatepark modulable\",\"publisher\":{\"@id\":\"https:\/\/libertyplanet.fr\/de\/#organization\"},\"potentialAction\":[{\"@type\":\"SearchAction\",\"target\":\"https:\/\/libertyplanet.fr\/de\/?s={search_term_string}\",\"query-input\":\"required name=search_term_string\"}],\"inLanguage\":\"de\"},{\"@type\":\"ImageObject\",\"@id\":\"https:\/\/libertyplanet.fr\/fr_fr\/location-salle-nemo\/#primaryimage\",\"inLanguage\":\"de\",\"url\":\"https:\/\/libertyplanet.fr\/wp-content\/uploads\/2023\/06\/IMG_0275-scaled.jpg\",\"width\":2560,\"height\":1920},{\"@type\":\"WebPage\",\"@id\":\"https:\/\/libertyplanet.fr\/fr_fr\/location-salle-nemo\/#webpage\",\"url\":\"https:\/\/libertyplanet.fr\/fr_fr\/location-salle-nemo\/\",\"name\":\"Location skatepark modulable (salle NEMO) - LIBERTY PLANET \/ SALLE NEMO\",\"isPartOf\":{\"@id\":\"https:\/\/libertyplanet.fr\/de\/#website\"},\"primaryImageOfPage\":{\"@id\":\"https:\/\/libertyplanet.fr\/fr_fr\/location-salle-nemo\/#primaryimage\"},\"datePublished\":\"2023-08-29T13:10:57+00:00\",\"dateModified\":\"2024-04-04T07:51:42+00:00\",\"inLanguage\":\"de\",\"potentialAction\":[{\"@type\":\"ReadAction\",\"target\":[\"https:\/\/libertyplanet.fr\/fr_fr\/location-salle-nemo\/\"]}]}]}<\/script>\n<!-- \/ Yoast SEO plugin. -->","_links":{"self":[{"href":"https:\/\/libertyplanet.fr\/de\/wp-json\/wp\/v2\/pages\/1128"}],"collection":[{"href":"https:\/\/libertyplanet.fr\/de\/wp-json\/wp\/v2\/pages"}],"about":[{"href":"https:\/\/libertyplanet.fr\/de\/wp-json\/wp\/v2\/types\/page"}],"author":[{"embeddable":true,"href":"https:\/\/libertyplanet.fr\/de\/wp-json\/wp\/v2\/users\/5"}],"replies":[{"embeddable":true,"href":"https:\/\/libertyplanet.fr\/de\/wp-json\/wp\/v2\/comments?post=1128"}],"version-history":[{"count":13,"href":"https:\/\/libertyplanet.fr\/de\/wp-json\/wp\/v2\/pages\/1128\/revisions"}],"predecessor-version":[{"id":1253,"href":"https:\/\/libertyplanet.fr\/de\/wp-json\/wp\/v2\/pages\/1128\/revisions\/1253"}],"wp:attachment":[{"href":"https:\/\/libertyplanet.fr\/de\/wp-json\/wp\/v2\/media?parent=1128"}],"curies":[{"name":"wp","href":"https:\/\/api.w.org\/{rel}","templated":true}]}}