{"id":1080,"date":"2023-08-15T20:00:45","date_gmt":"2023-08-15T18:00:45","guid":{"rendered":"https:\/\/libertyplanet.fr\/?page_id=1080"},"modified":"2024-10-01T16:56:57","modified_gmt":"2024-10-01T14:56:57","slug":"formule-anniversaire-ou-groupe","status":"publish","type":"page","link":"https:\/\/libertyplanet.fr\/de\/formule-anniversaire-ou-groupe\/","title":{"rendered":"Formule anniversaire ou groupe"},"content":{"rendered":"<h2>\n\t\t\t\t\t.\n\t\t\t\t<\/h2>\n\t\t\t<p><strong>FORMULE ANNIVERSAIRE :<\/strong>(Uniquement les mercredis 14:00 \u00e0 17:00)<strong>\u00ab\u00a0TOTAL LIBERTY\u00a0\u00bb<\/strong>Acc\u00e8s au Fun &amp; SkateparkUne table r\u00e9serv\u00e9e et dress\u00e9eSirop en carafe \u00e0 volont\u00e9Une petit cadeau pour l&rsquo;enfant f\u00eat\u00e9Des cartons d&rsquo;invitation<strong>\u26a0\ufe0fBoissons de l&rsquo;ext\u00e9rieur interdites<\/strong>\u00a0<strong>Options suppl\u00e9mentaires :<\/strong>Photo souvenirBarbe \u00e0 papaUne partie de Bowling au RhinOr Palace\u00a0<\/p>\t\t\n\t<h2>\n\t\t\t\t\t.\n\t\t\t\t<\/h2>\n\t\t\t<p><strong>FORMULE GROUPE :<\/strong>(Uniquement les mercredis de 14:00 \u00e0 17:00)<strong>\u00ab\u00a0TOTAL LIBERTY\u00a0\u00bb<\/strong>Acc\u00e8s au Fun &amp; SkateparkUne table r\u00e9serv\u00e9eSirop en carafe \u00e0 volont\u00e9<strong>\u26a0\ufe0fBoissons de l&rsquo;ext\u00e9rieur interdites<\/strong><strong>Options s<\/strong><strong>uppl\u00e9mentaires :<\/strong>Photo souvenirBarbe \u00e0 papaUne partie de Bowling au RhinOr Palace<\/p>\t\t\n\t<h2>\n\t\t\t\t\tPrivatiser le Liberty Planet\n\t\t\t\t<\/h2>\n\t\t\t<p><em>Les enfants restent sous la responsabilit\u00e9 de l&rsquo;organisateur qui doit obligatoirement rester pr\u00e9sent pendant toute la <\/em><em>dur\u00e9e de la f\u00eate.<\/em><\/p>\t\t\n\t<h2>\n\t\t\t\t\tPrivatiser le Liberty Planet\n\t\t\t\t<\/h2>\n\t\t\t<h2>PRIVATISER POUR VOTRE ANNIVERSAIRE\/GROUPE<\/h2><p>(\u00c0 partir de 90\u20ac tous les autres jours de la semaine, sauf les mercredis)<strong><em>CONTACTEZ-NOUS PAR MAIL:<br \/><\/em><\/strong>info(arobase)libertyplanet.fr<\/p>","protected":false},"excerpt":{"rendered":"<p>. FORMULE ANNIVERSAIRE :(Uniquement les mercredis 14:00 \u00e0 17:00)\u00ab\u00a0TOTAL LIBERTY\u00a0\u00bbAcc\u00e8s au Fun &amp; SkateparkUne table r\u00e9serv\u00e9e et dress\u00e9eSirop en carafe \u00e0 volont\u00e9Une petit cadeau pour l&rsquo;enfant f\u00eat\u00e9Des cartons d&rsquo;invitation\u26a0\ufe0fBoissons de l&rsquo;ext\u00e9rieur interdites\u00a0Options suppl\u00e9mentaires :Photo souvenirBarbe \u00e0 papaUne partie de Bowling au RhinOr Palace\u00a0 . FORMULE GROUPE :(Uniquement les mercredis de [&hellip;]<\/p>","protected":false},"author":5,"featured_media":0,"parent":0,"menu_order":0,"comment_status":"closed","ping_status":"closed","template":"","meta":{"footnotes":""},"yoast_head":"<!-- This site is optimized with the Yoast SEO plugin v14.7 - https:\/\/yoast.com\/wordpress\/plugins\/seo\/ -->\n<title>Formule anniversaire ou groupe \u00e0 Algolsheim<\/title>\n<meta name=\"description\" content=\"Bienvenue dans un lieu o\u00f9 l\u2019on peut s\u2019amuser, se d\u00e9penser, se retrouver entre amis et passer du bon temps entre jeunes ou en famille.\" \/>\n<meta name=\"robots\" content=\"index, follow\" \/>\n<meta name=\"googlebot\" content=\"index, follow, max-snippet:-1, max-image-preview:large, max-video-preview:-1\" \/>\n<meta name=\"bingbot\" content=\"index, follow, max-snippet:-1, max-image-preview:large, max-video-preview:-1\" \/>\n<link rel=\"canonical\" href=\"https:\/\/libertyplanet.fr\/de\/formule-anniversaire-ou-groupe\/\" \/>\n<meta property=\"og:locale\" content=\"de_DE\" \/>\n<meta property=\"og:type\" content=\"article\" \/>\n<meta property=\"og:title\" content=\"Formule anniversaire ou groupe \u00e0 Algolsheim\" \/>\n<meta property=\"og:description\" content=\"Bienvenue dans un lieu o\u00f9 l\u2019on peut s\u2019amuser, se d\u00e9penser, se retrouver entre amis et passer du bon temps entre jeunes ou en famille.\" \/>\n<meta property=\"og:url\" content=\"https:\/\/libertyplanet.fr\/de\/formule-anniversaire-ou-groupe\/\" \/>\n<meta property=\"og:site_name\" content=\"LIBERTY PLANET \/ SALLE NEMO\" \/>\n<meta property=\"article:publisher\" content=\"https:\/\/www.facebook.com\/libertyplanet.skatepark\" \/>\n<meta property=\"article:modified_time\" content=\"2024-10-01T14:56:57+00:00\" \/>\n<meta name=\"twitter:card\" content=\"summary_large_image\" \/>\n<script type=\"application\/ld+json\" class=\"yoast-schema-graph\">{\"@context\":\"https:\/\/schema.org\",\"@graph\":[{\"@type\":\"Organization\",\"@id\":\"https:\/\/libertyplanet.fr\/de\/#organization\",\"name\":\"Fun&Skatepark LIBERTY PLANET\",\"url\":\"https:\/\/libertyplanet.fr\/de\/\",\"sameAs\":[\"https:\/\/www.facebook.com\/libertyplanet.skatepark\",\"https:\/\/www.instagram.com\/libertyplanet\"],\"logo\":{\"@type\":\"ImageObject\",\"@id\":\"https:\/\/libertyplanet.fr\/de\/#logo\",\"inLanguage\":\"de\",\"url\":\"https:\/\/libertyplanet.fr\/wp-content\/uploads\/2020\/06\/Liberty-Planet-Logo-Couleur-e1623231678923.png\",\"width\":150,\"height\":150,\"caption\":\"Fun&Skatepark LIBERTY PLANET\"},\"image\":{\"@id\":\"https:\/\/libertyplanet.fr\/de\/#logo\"}},{\"@type\":\"WebSite\",\"@id\":\"https:\/\/libertyplanet.fr\/de\/#website\",\"url\":\"https:\/\/libertyplanet.fr\/de\/\",\"name\":\"Fun&Skatepark LIBERTY PLANET\",\"description\":\"Fun &amp; Skatepark \/ Location skatepark modulable\",\"publisher\":{\"@id\":\"https:\/\/libertyplanet.fr\/de\/#organization\"},\"potentialAction\":[{\"@type\":\"SearchAction\",\"target\":\"https:\/\/libertyplanet.fr\/de\/?s={search_term_string}\",\"query-input\":\"required name=search_term_string\"}],\"inLanguage\":\"de\"},{\"@type\":\"WebPage\",\"@id\":\"https:\/\/libertyplanet.fr\/fr_fr\/formule-anniversaire-ou-groupe\/#webpage\",\"url\":\"https:\/\/libertyplanet.fr\/fr_fr\/formule-anniversaire-ou-groupe\/\",\"name\":\"Formule anniversaire ou groupe \\u00e0 Algolsheim\",\"isPartOf\":{\"@id\":\"https:\/\/libertyplanet.fr\/de\/#website\"},\"datePublished\":\"2023-08-15T18:00:45+00:00\",\"dateModified\":\"2024-10-01T14:56:57+00:00\",\"description\":\"Bienvenue dans un lieu o\\u00f9 l\\u2019on peut s\\u2019amuser, se d\\u00e9penser, se retrouver entre amis et passer du bon temps entre jeunes ou en famille.\",\"inLanguage\":\"de\",\"potentialAction\":[{\"@type\":\"ReadAction\",\"target\":[\"https:\/\/libertyplanet.fr\/fr_fr\/formule-anniversaire-ou-groupe\/\"]}]}]}<\/script>\n<!-- \/ Yoast SEO plugin. -->","_links":{"self":[{"href":"https:\/\/libertyplanet.fr\/de\/wp-json\/wp\/v2\/pages\/1080"}],"collection":[{"href":"https:\/\/libertyplanet.fr\/de\/wp-json\/wp\/v2\/pages"}],"about":[{"href":"https:\/\/libertyplanet.fr\/de\/wp-json\/wp\/v2\/types\/page"}],"author":[{"embeddable":true,"href":"https:\/\/libertyplanet.fr\/de\/wp-json\/wp\/v2\/users\/5"}],"replies":[{"embeddable":true,"href":"https:\/\/libertyplanet.fr\/de\/wp-json\/wp\/v2\/comments?post=1080"}],"version-history":[{"count":28,"href":"https:\/\/libertyplanet.fr\/de\/wp-json\/wp\/v2\/pages\/1080\/revisions"}],"predecessor-version":[{"id":1274,"href":"https:\/\/libertyplanet.fr\/de\/wp-json\/wp\/v2\/pages\/1080\/revisions\/1274"}],"wp:attachment":[{"href":"https:\/\/libertyplanet.fr\/de\/wp-json\/wp\/v2\/media?parent=1080"}],"curies":[{"name":"wp","href":"https:\/\/api.w.org\/{rel}","templated":true}]}}