{"id":1046,"date":"2023-08-15T12:31:44","date_gmt":"2023-08-15T10:31:44","guid":{"rendered":"https:\/\/libertyplanet.fr\/?page_id=1046"},"modified":"2025-09-08T15:54:05","modified_gmt":"2025-09-08T13:54:05","slug":"fun-skatepark","status":"publish","type":"page","link":"https:\/\/libertyplanet.fr\/de\/fun-skatepark\/","title":{"rendered":"Liberty Planet &#8211; Fun &#038; Skatepark"},"content":{"rendered":"<h2>\n\t\t\t\t\tFUN &#038; SKATEPARK\n\t\t\t\t<\/h2>\n\t\t\t<p><strong>Entr\u00e9es\u00a0 &#8211; Locations\u00a0 &#8211;\u00a0 Anniversaires &#8211;\u00a0 Groupes<\/strong><br \/>(bien plus qu&rsquo;un skatepark)<\/p>\u00a0\t\t\n\t<h2>\n\t\t\t\t\t.\n\t\t\t\t<\/h2>\n\t\t\t<p><strong>\u23f1 Une dur\u00e9e de 3 ou 2 heures non-stop<\/strong>\u00a0<strong>\ud83d\udc49\ud83c\udffc 14h00 &#8211; 17h00 les jours d&rsquo;ouvertures<\/strong><strong>.<\/strong>Prix \u20ac 4,00 Tout le Fun &amp; Skatepark\u20ac 2,00 uniquement Funpark \/ \u20ac1,00 accompagnateurs\u00a0\ud83d\udcb6 Possibilit\u00e9 d&rsquo;acheter<strong> un pack d&rsquo;entr\u00e9es pr\u00e9-pay\u00e9es.\u00a0 <\/strong>Disponible au Fun &amp; Skatepark.<\/p>\t\t\n\t<h2>\n\t\t\t\t\t.\n\t\t\t\t<\/h2>\n\t\t\t<p><strong>\ud83d\udef4 Location de mate\u0301riel <\/strong>possible.<br \/>Trottinette : 3\u20ac\u00a0 |\u00a0 Casque et protections : 2\u20ac\u00a0\ud83c\udf89 <strong>Formule anniversaire <\/strong>et<strong> accueil de groupes.<\/strong><br \/><em>sur demande par mail<\/em>\ud83d\udd11 <strong>Privatisation du fun &amp; skatepark.<\/strong><br \/><em>sur demande par mail<\/em><\/p>\t\t\n\t<h2>\n\t\t\t\t\tPRIVATISER POUR VOTRE ANNIVERSAIRE\/GROUPE\n\t\t\t\t<\/h2>\n\t\t\t<p>(\u00c0 partir de 90\u20ac tous les autres jours de la semaine, sauf les mercredis)<em><strong>Contactez-nous par mail<\/strong><\/em><\/p>\t\t\n\t<h2><strong>Liberty Planet, c&rsquo;est quoi ? <img decoding=\"async\" role=\"img\" draggable=\"false\" src=\"https:\/\/s.w.org\/images\/core\/emoji\/14.0.0\/svg\/1f30e.svg\" alt=\"\ud83c\udf0e\" \/><\/strong><\/h2>\n<p><img decoding=\"async\" role=\"img\" draggable=\"false\" src=\"https:\/\/s.w.org\/images\/core\/emoji\/14.0.0\/svg\/1f929.svg\" alt=\"\ud83e\udd29\" \/> Sur environ 650m\u00b2, <strong>Liberty Planet<\/strong> est un lieu o\u00f9 l&rsquo;on peut s&rsquo;amuser, se d\u00e9penser, se retrouver entre amis et passer du bon temps en famille.<\/p>\n<p><img decoding=\"async\" role=\"img\" draggable=\"false\" src=\"https:\/\/s.w.org\/images\/core\/emoji\/14.0.0\/svg\/1f3d3.svg\" alt=\"\ud83c\udfd3\" \/> Der <strong>FunPark<\/strong> est pour tous les \u00e2ges et pour tous les go\u00fbts. Il y a deux trampolines, un baby-foot, une table de ping-pong, un carpetball et encore d&rsquo;autres choses \u00e0 d\u00e9couvrir.<\/p>\n<p><img decoding=\"async\" role=\"img\" draggable=\"false\" src=\"https:\/\/s.w.org\/images\/core\/emoji\/14.0.0\/svg\/1f6f9.svg\" alt=\"\ud83d\udef9\" \/> In der gleichen Halle befindet sich auch der <strong>SkatePark<\/strong> , der Treffpunkt f\u00fcr alle, die Freestyle lieben. Er steht allen Anh\u00e4ngern von Skateboards, Rollerblades, Scootern und BMX-R\u00e4dern offen.<\/p>\n<p><img decoding=\"async\" role=\"img\" draggable=\"false\" src=\"https:\/\/s.w.org\/images\/core\/emoji\/14.0.0\/svg\/2615.svg\" alt=\"\u2615\ufe0f\" \/> Au <strong>Liberty Caf\u00e9<\/strong>sind Freiwillige anwesend, die dir einen Snack oder ein Getr\u00e4nk servieren.<em>La nourriture et les boissons de l&rsquo;ext\u00e9rieur ne sont pas les bienvenues. Merci pour ta compr\u00e9hension.)<\/em><\/p>\n<p>\ud83e\udd38\u200d\u2642\ufe0f <b>Liberty Gym, <\/b>quelques petits exercices l\u00e9ger pour commencer la journ\u00e9e.<\/p>\n<p><img decoding=\"async\" role=\"img\" draggable=\"false\" src=\"https:\/\/s.w.org\/images\/core\/emoji\/14.0.0\/svg\/1f469-200d-1f466.svg\" alt=\"\ud83d\udc69\u200d\ud83d\udc66\" \/> Der <strong>Liberty Mini<\/strong>, les enfants se retrouvent pour jouer, les adultes pour discuter !\u00a0<em>(de 0-5 ans accompagn\u00e9s de leur (grand-) parent).<\/em><\/p>\n<p>Toute l&rsquo;\u00e9quipe de permanents et de b\u00e9n\u00e9voles se r\u00e9jouit de t&rsquo;accueillir. <strong>\u00c0 tr\u00e8s bient\u00f4t ! <img decoding=\"async\" role=\"img\" draggable=\"false\" src=\"https:\/\/s.w.org\/images\/core\/emoji\/14.0.0\/svg\/1f44b-1f3fc.svg\" alt=\"\ud83d\udc4b\ud83c\udffc\" \/><\/strong><\/p>\n\t\t\t\t\t\t\t\t<h4>\n\t\t\t\t\t\t\t\t\tFUNPARK\n\t\t\t\t\t\t\t\t\t\t\t\t\t\t\t\t\t<\/h4>\n\t\t\t\t\t\t\t\t<h4>\n\t\t\t\t\t\t\t\t\tSKATEPARK\n\t\t\t\t\t\t\t\t\t\t\t\t\t\t\t\t\t<\/h4>\n\t\t\t\t\t\t\t\t<h4>\n\t\t\t\t\t\t\t\t\tLIBERTY CAF\u00c9\n\t\t\t\t\t\t\t\t\t\t\t\t\t\t\t\t\t<\/h4>\n\t<h2>\n\t\t\t\t\tO\u00d9 NOUS TROUVER\n\t\t\t\t<\/h2>\n\t<h2><strong>Fun &amp; Skatepark<br \/>\n<\/strong>LIBERTY PLANET<\/h2>\n\tCit\u00e9 des loisirs <strong>VITABOX<\/strong><br \/>\nRoute de Volgelsheim, 68600 Algolsheim\n<p>info(arobase)libertyplanet.fr<\/p>\n<p>07 69 79 78 69<\/p>\n\t<iframe src=\"https:\/\/www.google.com\/maps\/embed\/v1\/place?key=AIzaSyD09zQ9PNDNNy9TadMuzRV_UsPUoWKntt8&#038;q=Liberty+planet%0A%0Aroute+de+Volgelsheim%0A%0A68600+ALGOLSHEIM\"><\/iframe>","protected":false},"excerpt":{"rendered":"<p>FUN &#038; SKATEPARK Entr\u00e9es\u00a0 &#8211; Locations\u00a0 &#8211;\u00a0 Anniversaires &#8211;\u00a0 Groupes(bien plus qu&rsquo;un skatepark) \u00a0 . \u23f1 Une dur\u00e9e de 3 ou 2 heures non-stop\u00a0\ud83d\udc49\ud83c\udffc 14h00 &#8211; 17h00 les jours d&rsquo;ouvertures.Prix \u20ac 4,00 Tout le Fun &amp; Skatepark\u20ac 2,00 uniquement Funpark \/ \u20ac1,00 accompagnateurs\u00a0\ud83d\udcb6 Possibilit\u00e9 d&rsquo;acheter un pack d&rsquo;entr\u00e9es pr\u00e9-pay\u00e9es.\u00a0 Disponible [&hellip;]<\/p>","protected":false},"author":5,"featured_media":0,"parent":0,"menu_order":0,"comment_status":"closed","ping_status":"closed","template":"","meta":{"footnotes":""},"yoast_head":"<!-- This site is optimized with the Yoast SEO plugin v14.7 - https:\/\/yoast.com\/wordpress\/plugins\/seo\/ -->\n<title>Liberty Planet - Fun &amp; Skatepark \u00e0 Algolsheim<\/title>\n<meta name=\"description\" content=\"Bienvenue dans un lieu o\u00f9 l\u2019on peut s\u2019amuser, se d\u00e9penser, se retrouver entre amis et passer du bon temps entre jeunes ou en famille.\" \/>\n<meta name=\"robots\" content=\"index, follow\" \/>\n<meta name=\"googlebot\" content=\"index, follow, max-snippet:-1, max-image-preview:large, max-video-preview:-1\" \/>\n<meta name=\"bingbot\" content=\"index, follow, max-snippet:-1, max-image-preview:large, max-video-preview:-1\" \/>\n<link rel=\"canonical\" href=\"https:\/\/libertyplanet.fr\/de\/fun-skatepark\/\" \/>\n<meta property=\"og:locale\" content=\"de_DE\" \/>\n<meta property=\"og:type\" content=\"article\" \/>\n<meta property=\"og:title\" content=\"Liberty Planet - Fun &amp; Skatepark \u00e0 Algolsheim\" \/>\n<meta property=\"og:description\" content=\"Bienvenue dans un lieu o\u00f9 l\u2019on peut s\u2019amuser, se d\u00e9penser, se retrouver entre amis et passer du bon temps entre jeunes ou en famille.\" \/>\n<meta property=\"og:url\" content=\"https:\/\/libertyplanet.fr\/de\/fun-skatepark\/\" \/>\n<meta property=\"og:site_name\" content=\"LIBERTY PLANET \/ SALLE NEMO\" \/>\n<meta property=\"article:publisher\" content=\"https:\/\/www.facebook.com\/libertyplanet.skatepark\" \/>\n<meta property=\"article:modified_time\" content=\"2025-09-08T13:54:05+00:00\" \/>\n<meta property=\"og:image\" content=\"https:\/\/s.w.org\/images\/core\/emoji\/14.0.0\/svg\/1f30e.svg\" \/>\n<meta name=\"twitter:card\" content=\"summary_large_image\" \/>\n<script type=\"application\/ld+json\" class=\"yoast-schema-graph\">{\"@context\":\"https:\/\/schema.org\",\"@graph\":[{\"@type\":\"Organization\",\"@id\":\"https:\/\/libertyplanet.fr\/de\/#organization\",\"name\":\"Fun&Skatepark LIBERTY PLANET\",\"url\":\"https:\/\/libertyplanet.fr\/de\/\",\"sameAs\":[\"https:\/\/www.facebook.com\/libertyplanet.skatepark\",\"https:\/\/www.instagram.com\/libertyplanet\"],\"logo\":{\"@type\":\"ImageObject\",\"@id\":\"https:\/\/libertyplanet.fr\/de\/#logo\",\"inLanguage\":\"de\",\"url\":\"https:\/\/libertyplanet.fr\/wp-content\/uploads\/2020\/06\/Liberty-Planet-Logo-Couleur-e1623231678923.png\",\"width\":150,\"height\":150,\"caption\":\"Fun&Skatepark LIBERTY PLANET\"},\"image\":{\"@id\":\"https:\/\/libertyplanet.fr\/de\/#logo\"}},{\"@type\":\"WebSite\",\"@id\":\"https:\/\/libertyplanet.fr\/de\/#website\",\"url\":\"https:\/\/libertyplanet.fr\/de\/\",\"name\":\"Fun&Skatepark LIBERTY PLANET\",\"description\":\"Fun &amp; Skatepark \/ Location skatepark modulable\",\"publisher\":{\"@id\":\"https:\/\/libertyplanet.fr\/de\/#organization\"},\"potentialAction\":[{\"@type\":\"SearchAction\",\"target\":\"https:\/\/libertyplanet.fr\/de\/?s={search_term_string}\",\"query-input\":\"required name=search_term_string\"}],\"inLanguage\":\"de\"},{\"@type\":\"ImageObject\",\"@id\":\"https:\/\/libertyplanet.fr\/fr_fr\/fun-skatepark\/#primaryimage\",\"inLanguage\":\"de\",\"url\":\"https:\/\/s.w.org\/images\/core\/emoji\/14.0.0\/svg\/1f30e.svg\"},{\"@type\":\"WebPage\",\"@id\":\"https:\/\/libertyplanet.fr\/fr_fr\/fun-skatepark\/#webpage\",\"url\":\"https:\/\/libertyplanet.fr\/fr_fr\/fun-skatepark\/\",\"name\":\"Liberty Planet - Fun & Skatepark \\u00e0 Algolsheim\",\"isPartOf\":{\"@id\":\"https:\/\/libertyplanet.fr\/de\/#website\"},\"primaryImageOfPage\":{\"@id\":\"https:\/\/libertyplanet.fr\/fr_fr\/fun-skatepark\/#primaryimage\"},\"datePublished\":\"2023-08-15T10:31:44+00:00\",\"dateModified\":\"2025-09-08T13:54:05+00:00\",\"description\":\"Bienvenue dans un lieu o\\u00f9 l\\u2019on peut s\\u2019amuser, se d\\u00e9penser, se retrouver entre amis et passer du bon temps entre jeunes ou en famille.\",\"inLanguage\":\"de\",\"potentialAction\":[{\"@type\":\"ReadAction\",\"target\":[\"https:\/\/libertyplanet.fr\/fr_fr\/fun-skatepark\/\"]}]}]}<\/script>\n<!-- \/ Yoast SEO plugin. -->","_links":{"self":[{"href":"https:\/\/libertyplanet.fr\/de\/wp-json\/wp\/v2\/pages\/1046"}],"collection":[{"href":"https:\/\/libertyplanet.fr\/de\/wp-json\/wp\/v2\/pages"}],"about":[{"href":"https:\/\/libertyplanet.fr\/de\/wp-json\/wp\/v2\/types\/page"}],"author":[{"embeddable":true,"href":"https:\/\/libertyplanet.fr\/de\/wp-json\/wp\/v2\/users\/5"}],"replies":[{"embeddable":true,"href":"https:\/\/libertyplanet.fr\/de\/wp-json\/wp\/v2\/comments?post=1046"}],"version-history":[{"count":40,"href":"https:\/\/libertyplanet.fr\/de\/wp-json\/wp\/v2\/pages\/1046\/revisions"}],"predecessor-version":[{"id":1342,"href":"https:\/\/libertyplanet.fr\/de\/wp-json\/wp\/v2\/pages\/1046\/revisions\/1342"}],"wp:attachment":[{"href":"https:\/\/libertyplanet.fr\/de\/wp-json\/wp\/v2\/media?parent=1046"}],"curies":[{"name":"wp","href":"https:\/\/api.w.org\/{rel}","templated":true}]}}